{"id":2307,"date":"2025-02-10T21:19:22","date_gmt":"2021-03-05T17:38:57","guid":{"rendered":""},"modified":"2025-02-10T23:38:25","modified_gmt":"2025-02-10T22:38:25","slug":"contact-us","status":"publish","type":"page","link":"https:\/\/technika.vasedivadlo.cz\/?page_id=2307","title":{"rendered":"Kontakty"},"content":{"rendered":"\n<div class=\"wp-block-cover alignwide is-light is-position-center-center\" style=\"min-height:375px;aspect-ratio:unset;\"><span aria-hidden=\"true\" class=\"wp-block-cover__background has-background-dim-20 has-background-dim\"><\/span><img loading=\"lazy\" decoding=\"async\" width=\"2560\" height=\"1105\" class=\"wp-block-cover__image-background wp-image-2318\" alt=\"\" src=\"http:\/\/technika.vasedivadlo.cz\/wp-content\/uploads\/2021\/03\/adam-solomon-WHUDOzd5IYU-unsplash-1-scaled-1.jpg\" style=\"object-position:40% 26%\" data-object-fit=\"cover\" data-object-position=\"40% 26%\" srcset=\"https:\/\/technika.vasedivadlo.cz\/wp-content\/uploads\/2021\/03\/adam-solomon-WHUDOzd5IYU-unsplash-1-scaled-1.jpg 2560w, https:\/\/technika.vasedivadlo.cz\/wp-content\/uploads\/2021\/03\/adam-solomon-WHUDOzd5IYU-unsplash-1-scaled-1-300x129.jpg 300w, https:\/\/technika.vasedivadlo.cz\/wp-content\/uploads\/2021\/03\/adam-solomon-WHUDOzd5IYU-unsplash-1-scaled-1-1024x442.jpg 1024w, https:\/\/technika.vasedivadlo.cz\/wp-content\/uploads\/2021\/03\/adam-solomon-WHUDOzd5IYU-unsplash-1-scaled-1-768x332.jpg 768w, https:\/\/technika.vasedivadlo.cz\/wp-content\/uploads\/2021\/03\/adam-solomon-WHUDOzd5IYU-unsplash-1-scaled-1-1536x663.jpg 1536w, https:\/\/technika.vasedivadlo.cz\/wp-content\/uploads\/2021\/03\/adam-solomon-WHUDOzd5IYU-unsplash-1-scaled-1-2048x884.jpg 2048w\" sizes=\"auto, (max-width: 2560px) 100vw, 2560px\" \/><div class=\"wp-block-cover__inner-container is-layout-flow wp-block-cover-is-layout-flow\">\n<p class=\"has-text-align-center has-text-color\" style=\"color:#fffffa;font-size:74px;line-height:1.1\"><\/p>\n<\/div><\/div>\n\n\n\n<div class=\"wp-block-columns alignfull are-vertically-aligned-center is-layout-flex wp-container-core-columns-is-layout-9d6595d7 wp-block-columns-is-layout-flex\">\n<div class=\"wp-block-column is-vertically-aligned-center is-layout-flow wp-block-column-is-layout-flow\">\n<div class=\"wp-block-buttons is-horizontal is-content-justification-center is-layout-flex wp-container-core-buttons-is-layout-499968f5 wp-block-buttons-is-layout-flex\">\n<div class=\"wp-block-button\"><a class=\"wp-block-button__link has-white-color has-yellow-background-color has-text-color has-background wp-element-button\" href=\"#\">Learn More About Our Features<\/a><\/div>\n<\/div>\n<\/div>\n\n\n\n<div class=\"wp-block-column is-vertically-aligned-center is-layout-flow wp-block-column-is-layout-flow\">\n<div class=\"wp-block-buttons is-horizontal is-content-justification-center is-layout-flex wp-container-core-buttons-is-layout-499968f5 wp-block-buttons-is-layout-flex\">\n<div class=\"wp-block-button\"><a class=\"wp-block-button__link has-white-color has-yellow-background-color has-text-color has-background wp-element-button\" href=\"#\">View Our Support Documentation<\/a><\/div>\n<\/div>\n<\/div>\n<\/div>\n\n\n\n<h1 class=\"wp-block-heading alignfull has-text-align-center\" id=\"h-talk-to-a-human\">Talk to a Human<\/h1>\n\n\n\n<p class=\"has-text-align-center has-medium-font-size\">We promise, your message won&#8217;t disappear into the abyss. We&#8217;re standing by and ready to help with any questions, comments, or thoughts you may have. <\/p>\n\n\n\n<div class=\"wp-block-columns is-layout-flex wp-container-core-columns-is-layout-9d6595d7 wp-block-columns-is-layout-flex\">\n<div class=\"wp-block-column is-layout-flow wp-block-column-is-layout-flow\" style=\"flex-basis:33.33%\">\n<h2 class=\"wp-block-heading alignfull has-text-align-center\" id=\"h-let-s-chat\">Let&#8217;s Chat!<\/h2>\n\n\n\n<figure class=\"wp-block-image size-large\"><img loading=\"lazy\" decoding=\"async\" width=\"600\" height=\"600\" src=\"http:\/\/technika.vasedivadlo.cz\/wp-content\/uploads\/2021\/03\/animated-arrow-form.gif\" alt=\"\" class=\"wp-image-2367\"\/><\/figure>\n<\/div>\n\n\n\n<div class=\"wp-block-column is-layout-flow wp-block-column-is-layout-flow\" style=\"flex-basis:66.66%\"><div class=\"wpforms-container wpforms-container-full wpforms-block wpforms-block-bff7314a-65bb-429a-a6f9-fea159ddd367 wpforms-render-modern\" id=\"wpforms-2490\"><form id=\"wpforms-form-2490\" class=\"wpforms-validate wpforms-form\" data-formid=\"2490\" method=\"post\" enctype=\"multipart\/form-data\" action=\"\/index.php?rest_route=%2Fwp%2Fv2%2Fpages%2F2307\" data-token=\"bd4288b447cfa8e6bd488bb77559b7b4\" data-token-time=\"1775695015\"><noscript class=\"wpforms-error-noscript\">Chcete-li vyplnit tento formul\u00e1\u0159, pros\u00edm povolte v prohl\u00ed\u017ee\u010di JavaScript.<\/noscript><div class=\"wpforms-hidden\" id=\"wpforms-error-noscript\">Chcete-li vyplnit tento formul\u00e1\u0159, pros\u00edm povolte v prohl\u00ed\u017ee\u010di JavaScript.<\/div><div class=\"wpforms-field-container\"><div id=\"wpforms-2490-field_0-container\" class=\"wpforms-field wpforms-field-name\" data-field-id=\"0\"><fieldset><legend class=\"wpforms-field-label\">Jm\u00e9no <span class=\"wpforms-required-label\" aria-hidden=\"true\">*<\/span><\/legend><div class=\"wpforms-field-row wpforms-field-medium\"><div class=\"wpforms-field-row-block wpforms-first wpforms-one-half\"><input type=\"text\" id=\"wpforms-2490-field_0\" class=\"wpforms-field-name-first wpforms-field-required\" name=\"wpforms[fields][0][first]\" aria-errormessage=\"wpforms-2490-field_0-error\" required><label for=\"wpforms-2490-field_0\" class=\"wpforms-field-sublabel after\">K\u0159estn\u00ed jm\u00e9no<\/label><\/div><div class=\"wpforms-field-row-block wpforms-one-half\"><input type=\"text\" id=\"wpforms-2490-field_0-last\" class=\"wpforms-field-name-last wpforms-field-required\" name=\"wpforms[fields][0][last]\" aria-errormessage=\"wpforms-2490-field_0-last-error\" required><label for=\"wpforms-2490-field_0-last\" class=\"wpforms-field-sublabel after\">P\u0159\u00edjmen\u00ed<\/label><\/div><\/div><\/fieldset><\/div><div id=\"wpforms-2490-field_1-container\" class=\"wpforms-field wpforms-field-email\" data-field-id=\"1\"><label class=\"wpforms-field-label\" for=\"wpforms-2490-field_1\">Email <span class=\"wpforms-required-label\" aria-hidden=\"true\">*<\/span><\/label><input type=\"email\" id=\"wpforms-2490-field_1\" class=\"wpforms-field-medium wpforms-field-required\" name=\"wpforms[fields][1]\" spellcheck=\"false\" aria-errormessage=\"wpforms-2490-field_1-error\" required><\/div><div id=\"wpforms-2490-field_2-container\" class=\"wpforms-field wpforms-field-textarea\" data-field-id=\"2\"><label class=\"wpforms-field-label\" for=\"wpforms-2490-field_2\">Zpr\u00e1va <span class=\"wpforms-required-label\" aria-hidden=\"true\">*<\/span><\/label><textarea id=\"wpforms-2490-field_2\" class=\"wpforms-field-medium wpforms-field-required\" name=\"wpforms[fields][2]\" aria-errormessage=\"wpforms-2490-field_2-error\" required><\/textarea><\/div><\/div><!-- .wpforms-field-container --><div class=\"wpforms-submit-container\" ><input type=\"hidden\" name=\"wpforms[id]\" value=\"2490\"><input type=\"hidden\" name=\"page_title\" value=\"\"><input type=\"hidden\" name=\"page_url\" value=\"https:\/\/technika.vasedivadlo.cz\/index.php?rest_route=\/wp\/v2\/pages\/2307\"><button type=\"submit\" name=\"wpforms[submit]\" id=\"wpforms-submit-2490\" class=\"wpforms-submit\" data-alt-text=\"Sending...\" data-submit-text=\"Submit\" aria-live=\"assertive\" value=\"wpforms-submit\">Submit<\/button><\/div><\/form><\/div>  <!-- .wpforms-container --><\/div>\n<\/div>\n","protected":false},"excerpt":{"rendered":"<p>Talk to a Human We promise, your message won&#8217;t disappear into the abyss. We&#8217;re standing by and ready to help with any questions, comments, or thoughts you may have. Let&#8217;s Chat!<\/p>\n","protected":false},"author":1,"featured_media":0,"parent":0,"menu_order":0,"comment_status":"closed","ping_status":"closed","template":"","meta":{"footnotes":""},"class_list":["post-2307","page","type-page","status-publish","hentry"],"_links":{"self":[{"href":"https:\/\/technika.vasedivadlo.cz\/index.php?rest_route=\/wp\/v2\/pages\/2307","targetHints":{"allow":["GET"]}}],"collection":[{"href":"https:\/\/technika.vasedivadlo.cz\/index.php?rest_route=\/wp\/v2\/pages"}],"about":[{"href":"https:\/\/technika.vasedivadlo.cz\/index.php?rest_route=\/wp\/v2\/types\/page"}],"author":[{"embeddable":true,"href":"https:\/\/technika.vasedivadlo.cz\/index.php?rest_route=\/wp\/v2\/users\/1"}],"replies":[{"embeddable":true,"href":"https:\/\/technika.vasedivadlo.cz\/index.php?rest_route=%2Fwp%2Fv2%2Fcomments&post=2307"}],"version-history":[{"count":4,"href":"https:\/\/technika.vasedivadlo.cz\/index.php?rest_route=\/wp\/v2\/pages\/2307\/revisions"}],"predecessor-version":[{"id":2557,"href":"https:\/\/technika.vasedivadlo.cz\/index.php?rest_route=\/wp\/v2\/pages\/2307\/revisions\/2557"}],"wp:attachment":[{"href":"https:\/\/technika.vasedivadlo.cz\/index.php?rest_route=%2Fwp%2Fv2%2Fmedia&parent=2307"}],"curies":[{"name":"wp","href":"https:\/\/api.w.org\/{rel}","templated":true}]}}