{"id":2590,"date":"2025-02-17T17:49:13","date_gmt":"2025-02-17T16:49:13","guid":{"rendered":"http:\/\/technika.vasedivadlo.cz\/?page_id=2590"},"modified":"2025-02-17T17:49:13","modified_gmt":"2025-02-17T16:49:13","slug":"rizeni-technologii","status":"publish","type":"page","link":"https:\/\/technika.vasedivadlo.cz\/?page_id=2590","title":{"rendered":"\u0158\u00edzen\u00ed technologi\u00ed"},"content":{"rendered":"\n<p>dfbsdfbsdb dr dsr ds <\/p>\n","protected":false},"excerpt":{"rendered":"<p>dfbsdfbsdb dr dsr ds<\/p>\n","protected":false},"author":1,"featured_media":0,"parent":0,"menu_order":0,"comment_status":"closed","ping_status":"closed","template":"","meta":{"footnotes":""},"class_list":["post-2590","page","type-page","status-publish","hentry"],"_links":{"self":[{"href":"https:\/\/technika.vasedivadlo.cz\/index.php?rest_route=\/wp\/v2\/pages\/2590","targetHints":{"allow":["GET"]}}],"collection":[{"href":"https:\/\/technika.vasedivadlo.cz\/index.php?rest_route=\/wp\/v2\/pages"}],"about":[{"href":"https:\/\/technika.vasedivadlo.cz\/index.php?rest_route=\/wp\/v2\/types\/page"}],"author":[{"embeddable":true,"href":"https:\/\/technika.vasedivadlo.cz\/index.php?rest_route=\/wp\/v2\/users\/1"}],"replies":[{"embeddable":true,"href":"https:\/\/technika.vasedivadlo.cz\/index.php?rest_route=%2Fwp%2Fv2%2Fcomments&post=2590"}],"version-history":[{"count":1,"href":"https:\/\/technika.vasedivadlo.cz\/index.php?rest_route=\/wp\/v2\/pages\/2590\/revisions"}],"predecessor-version":[{"id":2591,"href":"https:\/\/technika.vasedivadlo.cz\/index.php?rest_route=\/wp\/v2\/pages\/2590\/revisions\/2591"}],"wp:attachment":[{"href":"https:\/\/technika.vasedivadlo.cz\/index.php?rest_route=%2Fwp%2Fv2%2Fmedia&parent=2590"}],"curies":[{"name":"wp","href":"https:\/\/api.w.org\/{rel}","templated":true}]}}